{"id":279,"date":"2025-03-10T16:24:41","date_gmt":"2025-03-10T16:24:41","guid":{"rendered":"https:\/\/base-quiz2025.stg.onepunch.agency\/info\/"},"modified":"2025-03-10T16:44:46","modified_gmt":"2025-03-10T16:44:46","slug":"info","status":"publish","type":"page","link":"https:\/\/base-quiz2025.stg.onepunch.agency\/fr\/info\/","title":{"rendered":"Info"},"content":{"rendered":"<p>[et_pb_section fb_built=\u00a0\u00bb1&Prime; custom_padding_last_edited=\u00a0\u00bbon|phone\u00a0\u00bb _builder_version=\u00a0\u00bb4.27.2&Prime; _module_preset=\u00a0\u00bbdefault\u00a0\u00bb background_color=\u00a0\u00bb#F2F2F2&Prime; custom_padding=\u00a0\u00bb9rem|40px|0px|40px|false|true\u00a0\u00bb custom_padding_tablet=\u00a0\u00bb|40px|0px|40px|false|true\u00a0\u00bb custom_padding_phone=\u00a0\u00bb5rem|15px|0px|15px|false|true\u00a0\u00bb locked=\u00a0\u00bboff\u00a0\u00bb global_colors_info=\u00a0\u00bb{}\u00a0\u00bb theme_builder_area=\u00a0\u00bbpost_content\u00a0\u00bb][et_pb_row custom_padding_last_edited=\u00a0\u00bbon|phone\u00a0\u00bb _builder_version=\u00a0\u00bb4.27.2&Prime; _module_preset=\u00a0\u00bbdefault\u00a0\u00bb background_color=\u00a0\u00bb#FFFFFF\u00a0\u00bb width=\u00a0\u00bb100%\u00a0\u00bb max_width=\u00a0\u00bb1112px\u00a0\u00bb min_height=\u00a0\u00bb100vh\u00a0\u00bb custom_padding=\u00a0\u00bb50px|40px|50px|40px|true|true\u00a0\u00bb custom_padding_tablet=\u00a0\u00bb50px|40px|50px|40px|true|true\u00a0\u00bb custom_padding_phone=\u00a0\u00bb30px|20px|30px|20px|true|true\u00a0\u00bb custom_css_main_element=\u00a0\u00bbdisplay: flex;||align-items: center;\u00a0\u00bb global_colors_info=\u00a0\u00bb{}\u00a0\u00bb theme_builder_area=\u00a0\u00bbpost_content\u00a0\u00bb][et_pb_column type=\u00a0\u00bb4_4&Prime; _builder_version=\u00a0\u00bb4.27.2&Prime; _module_preset=\u00a0\u00bbdefault\u00a0\u00bb global_colors_info=\u00a0\u00bb{}\u00a0\u00bb theme_builder_area=\u00a0\u00bbpost_content\u00a0\u00bb][et_pb_image src=\u00a0\u00bbhttps:\/\/base-quiz2025.stg.onepunch.agency\/wp-content\/uploads\/2025\/03\/question.svg\u00a0\u00bb align=\u00a0\u00bbcenter\u00a0\u00bb _builder_version=\u00a0\u00bb4.27.2&Prime; _module_preset=\u00a0\u00bbdefault\u00a0\u00bb max_width=\u00a0\u00bb150px\u00a0\u00bb max_width_tablet=\u00a0\u00bb120px\u00a0\u00bb max_width_phone=\u00a0\u00bb100px\u00a0\u00bb max_width_last_edited=\u00a0\u00bbon|tablet\u00a0\u00bb module_alignment=\u00a0\u00bbcenter\u00a0\u00bb custom_margin_tablet=\u00a0\u00bb\u00a0\u00bb custom_margin_phone=\u00a0\u00bb||1rem||false|false\u00a0\u00bb custom_margin_last_edited=\u00a0\u00bbon|phone\u00a0\u00bb animation_style=\u00a0\u00bbfade\u00a0\u00bb hover_enabled=\u00a0\u00bb0&Prime; global_colors_info=\u00a0\u00bb{}\u00a0\u00bb theme_builder_area=\u00a0\u00bbpost_content\u00a0\u00bb title_text=\u00a0\u00bbquestion\u00a0\u00bb sticky_enabled=\u00a0\u00bb0&Prime;][\/et_pb_image][et_pb_text _builder_version=\u00a0\u00bb4.27.2&Prime; _module_preset=\u00a0\u00bbeeb9c6e9-6e9e-436d-8f87-0dd8c2a595d5&Prime; header_2_text_align=\u00a0\u00bbcenter\u00a0\u00bb custom_margin=\u00a0\u00bb||0.5rem||false|false\u00a0\u00bb custom_margin_tablet=\u00a0\u00bb||0.5rem||false|false\u00a0\u00bb custom_margin_phone=\u00a0\u00bb||0.5rem||false|false\u00a0\u00bb custom_margin_last_edited=\u00a0\u00bbon|tablet\u00a0\u00bb animation_style=\u00a0\u00bbfade\u00a0\u00bb hover_enabled=\u00a0\u00bb0&Prime; global_colors_info=\u00a0\u00bb{}\u00a0\u00bb theme_builder_area=\u00a0\u00bbpost_content\u00a0\u00bb sticky_enabled=\u00a0\u00bb0&Prime;]<\/p>\n<h2>Seg, en plus de BASE Mobile, il existe d\u00e9sormais \u00e9galement la t\u00e9l\u00e9vision et Internet de BASE, le saviez-vous ?<\/h2>\n<p>[\/et_pb_text][et_pb_text _builder_version=\u00a0\u00bb4.27.2&Prime; _module_preset=\u00a0\u00bbeeb9c6e9-6e9e-436d-8f87-0dd8c2a595d5&Prime; header_2_text_align=\u00a0\u00bbcenter\u00a0\u00bb custom_margin=\u00a0\u00bb||0.5rem||false|false\u00a0\u00bb custom_margin_tablet=\u00a0\u00bb||0.5rem||false|false\u00a0\u00bb custom_margin_phone=\u00a0\u00bb||0.5rem||false|false\u00a0\u00bb custom_margin_last_edited=\u00a0\u00bbon|tablet\u00a0\u00bb animation_style=\u00a0\u00bbfade\u00a0\u00bb hover_enabled=\u00a0\u00bb0&Prime; global_colors_info=\u00a0\u00bb{}\u00a0\u00bb theme_builder_area=\u00a0\u00bbpost_content\u00a0\u00bb sticky_enabled=\u00a0\u00bb0&Prime; header_4_text_align=\u00a0\u00bbcenter\u00a0\u00bb]<\/p>\n<h4>Gros hein !<\/h4>\n<p>[\/et_pb_text][et_pb_text _builder_version=\u00a0\u00bb4.27.2&Prime; _module_preset=\u00a0\u00bbeeb9c6e9-6e9e-436d-8f87-0dd8c2a595d5&Prime; header_2_text_align=\u00a0\u00bbcenter\u00a0\u00bb text_orientation=\u00a0\u00bbcenter\u00a0\u00bb custom_margin=\u00a0\u00bb||||false|false\u00a0\u00bb animation_style=\u00a0\u00bbfade\u00a0\u00bb hover_enabled=\u00a0\u00bb0&Prime; global_colors_info=\u00a0\u00bb{}\u00a0\u00bb theme_builder_area=\u00a0\u00bbpost_content\u00a0\u00bb sticky_enabled=\u00a0\u00bb0&Prime; module_alignment=\u00a0\u00bbcenter\u00a0\u00bb max_width=\u00a0\u00bb600px\u00a0\u00bb custom_margin_last_edited=\u00a0\u00bbon|phone\u00a0\u00bb custom_margin_phone=\u00a0\u00bb||1rem||false|false\u00a0\u00bb custom_margin_tablet=\u00a0\u00bb||||false|false\u00a0\u00bb]<\/p>\n<p>Nous allons tester lesquels des 3 vous sont n\u00e9cessaires. En effet, vous n&rsquo;\u00eates pas oblig\u00e9 de prendre les 3, vous pouvez choisir ! <\/p>\n<p>[\/et_pb_text][et_pb_button button_text=\u00a0\u00bbCommencez !\u00a0\u00bb button_alignment=\u00a0\u00bbcenter\u00a0\u00bb _builder_version=\u00a0\u00bb4.27.2&Prime; _module_preset=\u00a0\u00bb6b4ebbbd-0051-4d33-9724-0ba375841fc4&Prime; animation_style=\u00a0\u00bbfade\u00a0\u00bb hover_enabled=\u00a0\u00bb0&Prime; button_text_size_phone=\u00a0\u00bb16px\u00a0\u00bb global_colors_info=\u00a0\u00bb{}\u00a0\u00bb theme_builder_area=\u00a0\u00bbpost_content\u00a0\u00bb button_url=\u00a0\u00bb@ET-DC@eyJkeW5hbWljIjp0cnVlLCJjb250ZW50IjoicG9zdF9saW5rX3VybF9wYWdlIiwic2V0dGluZ3MiOnsicG9zdF9pZCI6IjM3IiwiZW5hYmxlX2h0bWwiOiJvZmYifX0=@\u00a0\u00bb _dynamic_attributes=\u00a0\u00bbbutton_url\u00a0\u00bb sticky_enabled=\u00a0\u00bb0&Prime;][\/et_pb_button][\/et_pb_column][\/et_pb_row][\/et_pb_section]<\/p>\n","protected":false},"excerpt":{"rendered":"<p>Seg, en plus de BASE Mobile, il existe d\u00e9sormais \u00e9galement la t\u00e9l\u00e9vision et Internet de BASE, le saviez-vous ?Gros hein !Nous allons tester lesquels des 3 vous sont n\u00e9cessaires. En effet, vous n&rsquo;\u00eates pas oblig\u00e9 de prendre les 3, vous pouvez choisir !<\/p>\n","protected":false},"author":1,"featured_media":0,"parent":0,"menu_order":0,"comment_status":"closed","ping_status":"closed","template":"","meta":{"_et_pb_use_builder":"on","_et_pb_old_content":"","_et_gb_content_width":"","footnotes":""},"class_list":["post-279","page","type-page","status-publish","hentry"],"yoast_head":"<!-- This site is optimized with the Yoast SEO plugin v24.6 - https:\/\/yoast.com\/wordpress\/plugins\/seo\/ -->\n<title>Info - base-quiz2025<\/title>\n<meta name=\"robots\" content=\"noindex, follow, max-snippet:-1, max-image-preview:large, max-video-preview:-1\" \/>\n<meta property=\"og:locale\" content=\"fr_FR\" \/>\n<meta property=\"og:type\" content=\"article\" \/>\n<meta property=\"og:title\" content=\"Info - base-quiz2025\" \/>\n<meta property=\"og:description\" content=\"Seg, en plus de BASE Mobile, il existe d\u00e9sormais \u00e9galement la t\u00e9l\u00e9vision et Internet de BASE, le saviez-vous ?Gros hein !Nous allons tester lesquels des 3 vous sont n\u00e9cessaires. En effet, vous n&#039;\u00eates pas oblig\u00e9 de prendre les 3, vous pouvez choisir !\" \/>\n<meta property=\"og:url\" content=\"https:\/\/base-quiz2025.stg.onepunch.agency\/fr\/info\/\" \/>\n<meta property=\"og:site_name\" content=\"base-quiz2025\" \/>\n<meta property=\"article:modified_time\" content=\"2025-03-10T16:44:46+00:00\" \/>\n<meta name=\"twitter:card\" content=\"summary_large_image\" \/>\n<meta name=\"twitter:label1\" content=\"Dur\u00e9e de lecture estim\u00e9e\" \/>\n\t<meta name=\"twitter:data1\" content=\"3 minutes\" \/>\n<script type=\"application\/ld+json\" class=\"yoast-schema-graph\">{\"@context\":\"https:\/\/schema.org\",\"@graph\":[{\"@type\":\"WebPage\",\"@id\":\"https:\/\/base-quiz2025.stg.onepunch.agency\/fr\/info\/\",\"url\":\"https:\/\/base-quiz2025.stg.onepunch.agency\/fr\/info\/\",\"name\":\"Info - base-quiz2025\",\"isPartOf\":{\"@id\":\"https:\/\/base-quiz2025.stg.onepunch.agency\/fr\/#website\"},\"datePublished\":\"2025-03-10T16:24:41+00:00\",\"dateModified\":\"2025-03-10T16:44:46+00:00\",\"breadcrumb\":{\"@id\":\"https:\/\/base-quiz2025.stg.onepunch.agency\/fr\/info\/#breadcrumb\"},\"inLanguage\":\"fr-FR\",\"potentialAction\":[{\"@type\":\"ReadAction\",\"target\":[\"https:\/\/base-quiz2025.stg.onepunch.agency\/fr\/info\/\"]}]},{\"@type\":\"BreadcrumbList\",\"@id\":\"https:\/\/base-quiz2025.stg.onepunch.agency\/fr\/info\/#breadcrumb\",\"itemListElement\":[{\"@type\":\"ListItem\",\"position\":1,\"name\":\"Home\",\"item\":\"https:\/\/base-quiz2025.stg.onepunch.agency\/fr\/\"},{\"@type\":\"ListItem\",\"position\":2,\"name\":\"Info\"}]},{\"@type\":\"WebSite\",\"@id\":\"https:\/\/base-quiz2025.stg.onepunch.agency\/fr\/#website\",\"url\":\"https:\/\/base-quiz2025.stg.onepunch.agency\/fr\/\",\"name\":\"base-quiz2025\",\"description\":\"\",\"potentialAction\":[{\"@type\":\"SearchAction\",\"target\":{\"@type\":\"EntryPoint\",\"urlTemplate\":\"https:\/\/base-quiz2025.stg.onepunch.agency\/fr\/?s={search_term_string}\"},\"query-input\":{\"@type\":\"PropertyValueSpecification\",\"valueRequired\":true,\"valueName\":\"search_term_string\"}}],\"inLanguage\":\"fr-FR\"}]}<\/script>\n<!-- \/ Yoast SEO plugin. -->","yoast_head_json":{"title":"Info - base-quiz2025","robots":{"index":"noindex","follow":"follow","max-snippet":"max-snippet:-1","max-image-preview":"max-image-preview:large","max-video-preview":"max-video-preview:-1"},"og_locale":"fr_FR","og_type":"article","og_title":"Info - base-quiz2025","og_description":"Seg, en plus de BASE Mobile, il existe d\u00e9sormais \u00e9galement la t\u00e9l\u00e9vision et Internet de BASE, le saviez-vous ?Gros hein !Nous allons tester lesquels des 3 vous sont n\u00e9cessaires. En effet, vous n'\u00eates pas oblig\u00e9 de prendre les 3, vous pouvez choisir !","og_url":"https:\/\/base-quiz2025.stg.onepunch.agency\/fr\/info\/","og_site_name":"base-quiz2025","article_modified_time":"2025-03-10T16:44:46+00:00","twitter_card":"summary_large_image","twitter_misc":{"Dur\u00e9e de lecture estim\u00e9e":"3 minutes"},"schema":{"@context":"https:\/\/schema.org","@graph":[{"@type":"WebPage","@id":"https:\/\/base-quiz2025.stg.onepunch.agency\/fr\/info\/","url":"https:\/\/base-quiz2025.stg.onepunch.agency\/fr\/info\/","name":"Info - base-quiz2025","isPartOf":{"@id":"https:\/\/base-quiz2025.stg.onepunch.agency\/fr\/#website"},"datePublished":"2025-03-10T16:24:41+00:00","dateModified":"2025-03-10T16:44:46+00:00","breadcrumb":{"@id":"https:\/\/base-quiz2025.stg.onepunch.agency\/fr\/info\/#breadcrumb"},"inLanguage":"fr-FR","potentialAction":[{"@type":"ReadAction","target":["https:\/\/base-quiz2025.stg.onepunch.agency\/fr\/info\/"]}]},{"@type":"BreadcrumbList","@id":"https:\/\/base-quiz2025.stg.onepunch.agency\/fr\/info\/#breadcrumb","itemListElement":[{"@type":"ListItem","position":1,"name":"Home","item":"https:\/\/base-quiz2025.stg.onepunch.agency\/fr\/"},{"@type":"ListItem","position":2,"name":"Info"}]},{"@type":"WebSite","@id":"https:\/\/base-quiz2025.stg.onepunch.agency\/fr\/#website","url":"https:\/\/base-quiz2025.stg.onepunch.agency\/fr\/","name":"base-quiz2025","description":"","potentialAction":[{"@type":"SearchAction","target":{"@type":"EntryPoint","urlTemplate":"https:\/\/base-quiz2025.stg.onepunch.agency\/fr\/?s={search_term_string}"},"query-input":{"@type":"PropertyValueSpecification","valueRequired":true,"valueName":"search_term_string"}}],"inLanguage":"fr-FR"}]}},"_links":{"self":[{"href":"https:\/\/base-quiz2025.stg.onepunch.agency\/fr\/wp-json\/wp\/v2\/pages\/279","targetHints":{"allow":["GET"]}}],"collection":[{"href":"https:\/\/base-quiz2025.stg.onepunch.agency\/fr\/wp-json\/wp\/v2\/pages"}],"about":[{"href":"https:\/\/base-quiz2025.stg.onepunch.agency\/fr\/wp-json\/wp\/v2\/types\/page"}],"author":[{"embeddable":true,"href":"https:\/\/base-quiz2025.stg.onepunch.agency\/fr\/wp-json\/wp\/v2\/users\/1"}],"replies":[{"embeddable":true,"href":"https:\/\/base-quiz2025.stg.onepunch.agency\/fr\/wp-json\/wp\/v2\/comments?post=279"}],"version-history":[{"count":2,"href":"https:\/\/base-quiz2025.stg.onepunch.agency\/fr\/wp-json\/wp\/v2\/pages\/279\/revisions"}],"predecessor-version":[{"id":281,"href":"https:\/\/base-quiz2025.stg.onepunch.agency\/fr\/wp-json\/wp\/v2\/pages\/279\/revisions\/281"}],"wp:attachment":[{"href":"https:\/\/base-quiz2025.stg.onepunch.agency\/fr\/wp-json\/wp\/v2\/media?parent=279"}],"curies":[{"name":"wp","href":"https:\/\/api.w.org\/{rel}","templated":true}]}}